{"id":388,"date":"2019-05-31T14:09:16","date_gmt":"2019-05-31T13:09:16","guid":{"rendered":"https:\/\/bains-saint-thomas.fr\/en\/?page_id=388"},"modified":"2021-12-20T12:33:12","modified_gmt":"2021-12-20T11:33:12","slug":"watsu","status":"publish","type":"page","link":"https:\/\/bains-saint-thomas.fr\/en\/watsu\/","title":{"rendered":"Watsu"},"content":{"rendered":"<p>Watsu est un n\u00e9ologisme qui correspond \u00e0 la contraction des termes water et shiatsu, tout simplement parce que cette discipline, n\u00e9e il y a vingt-cinq ans aux Etats-Unis, est une s\u00e9ance de shiatsu de vingt minutes dans une eau \u00e0 35\u00b0C.<\/p>\n<p>Le watsu est une forme de shiatsu dans l\u2019eau chaude.En accompagnant le rythme respiratoire propre \u00e0 chacun, en alternant des bercements, des \u00e9tirements et des digipressions avec des temps de calme et d\u2019\u00e9coute ; les ressentis de l\u00e9g\u00e8ret\u00e9, de calme et de libert\u00e9 seront facilit\u00e9s.<\/p>\n<p>Ce dispositif favorise le l\u00e2cher-prise et aide le corps \u00e0 se lib\u00e9rer de ses tensions, qu\u2019elles soient physiques, psychiques ou \u00e9motionnelles. Une exp\u00e9rience unique !<\/p>\n<h3>Historique de l\u2019activit\u00e9 :<\/h3>\n<h4>Un sentiment d\u2019apesanteur\u2026.<\/h4>\n<p>D\u00e9velopp\u00e9e dans la source thermale du Harbin, en Californie du Nord, par Harold Dull, elle essaime depuis dans le monde entier. Ce ma\u00eetre en Shiatsu, garant des bienfaits et des \u00e9tirements et des exercices d\u2019acupression, a en effet eu l\u2019envie d\u2019exp\u00e9rimenter ces techniques de relaxation dans les sources chaudes. Car l\u2019eau, dont la temp\u00e9rature est proche de celle du corps, ajoute \u00e0 la d\u00e9tente une dimension d\u2019enveloppement et d\u2019apesanteur.<\/p>\n<h4>Une immersion accompagn\u00e9e par le praticien<\/h4>\n<p style=\"text-align: left;\">En France, les structures commencent \u00e0 se mettre en place dans certains spas et centre de thalassoth\u00e9rapie. La s\u00e9ance commence par une immersion en douceur du corps dans la piscine et se poursuit par une prise de conscience de la sensation de flottaison. Le praticien accompagne dans l\u2019eau chacun des mouvements de son patient, qui, les yeux ferm\u00e9s, s\u2019all\u00e8ge de ses tensions (mentales et physiques), r\u00e9pond naturellement aux sollicitations respiratoires, aux \u00e9tirements articulaires et au rel\u00e2chement musculaire.<\/p>\n<h4>Lib\u00e9rer les zones du corps asphyxi\u00e9es<\/h4>\n<p>Par ailleurs, le kin\u00e9sith\u00e9rapeute stimule par la digipression des points \u00e9nerg\u00e9tiques et lymphatiques. Un excellent moyen de lib\u00e9rer les zones du corps asphyxi\u00e9es par le stress, d\u2019activer la circulation sanguine et de stimuler le renouvellement cellulaire. Lors d\u2019une pratique r\u00e9guli\u00e8re, on obtient des r\u00e9sultats tout \u00e0 fait probants sur la gestion des \u00e9motions, des peurs (notamment celle de l\u2019eau), sur les probl\u00e8mes de dos li\u00e9s au mode de vie moderne et tr\u00e9pident\u2026 Alors, inutile d\u2019attendre davantage pour se mettre dans les bains de Saint Thomas \u00e0 Fontp\u00e9drouse (Pyr\u00e9n\u00e9es-Orientales).<\/p>\n<table id=\"forme01\"><\/table>\n<h3>&nbsp;LES PRATICIENNES DE WATSU : Sylvie LAURENSON et Sarah CARANCHINI<\/h3>\n<p>(Praticiennes certifi\u00e9es par la Worldwide Aquatic Bodywork Association)<\/p>\n<p>A Saint-Thomas, les s\u00e9ances se d\u00e9roulent en bassins ext\u00e9rieurs (temp\u00e9rature entre 35 et 37\u00b0, suivant la saison) et ont une dur\u00e9e de :<\/p>\n<table id=\"Table05\">\n<tbody>\n<tr>\n<td style=\"text-align: left;\">30mn<\/td>\n<td style=\"text-align: left;\">50\u20ac<\/td>\n<\/tr>\n<tr>\n<td style=\"text-align: left;\">45mn<\/td>\n<td>65\u20ac<\/td>\n<\/tr>\n<tr>\n<td style=\"text-align: left;\">75mn<\/td>\n<td style=\"text-align: left;\">90\u20ac<\/td>\n<\/tr>\n<\/tbody>\n<\/table>\n<p><img loading=\"lazy\" decoding=\"async\" id=\"WImg03\" class=\" wp-image-370 aligncenter\" src=\"https:\/\/bains-saint-thomas.fr\/en\/wp-content\/uploads\/sites\/2\/qsdfdfgdgdg-e1559234630123-300x248.png\" alt=\"\" width=\"194\" height=\"160\" srcset=\"https:\/\/bains-saint-thomas.fr\/en\/wp-content\/uploads\/sites\/2\/qsdfdfgdgdg-e1559234630123-300x248.png 300w, https:\/\/bains-saint-thomas.fr\/en\/wp-content\/uploads\/sites\/2\/qsdfdfgdgdg-e1559234630123.png 625w\" sizes=\"auto, (max-width: 194px) 100vw, 194px\" \/>Massages et soins de 10 h \u00e0 19 h. R\u00e9servation conseill\u00e9e par t\u00e9l\u00e9phone uniquement au 04 68 97 03 13<\/p>\n<p>Chaque formule comprend l\u2019acc\u00e8s \u00e0 l\u2019espace \u00ab&nbsp;bien \u00eatre&nbsp;\u00bb&nbsp; et aux bains d\u2019eau chaude sulfureuse sans limitation de temps et de passage*. Vestiaire privatif \u00e0 l\u2019espace bien \u00eatre.<\/p>\n<p><em>*(il n\u2019y a qu\u2019un seul passage \u00e0 l\u2019espace \u00ab&nbsp;bien \u00eatre&nbsp;\u00bb, sans limitation de temps, lorsque l\u2019on&nbsp;choisi la formule compl\u00e8te \u00e0 15\u20ac50)<\/em><\/p>\n<p><strong>Id\u00e9e sympa :<\/strong>&nbsp;possibilit\u00e9 d\u2019offrir toutes les formules de soins et de massages sous forme de<strong>&nbsp;BONS-CADEAUX.<\/strong><\/p>\n<p>Les r\u00e8glements se font par ch\u00e8ques, esp\u00e8ces ou cartes bancaires.<\/p>\n<p><strong>Sylvie et Sarah proposent d\u2019autres formules de soins et de massages que vous retrouverez dans la rubrique \u00ab&nbsp;Les soins et les massages&nbsp;\u00bb via le menu Espace bien-\u00eatre.<\/strong><\/p>\n<table id=\"forme01\"><\/table>\n<h3>Infos+ :<\/h3>\n<p><a href=\"http:\/\/www.relaisthalasso.com\/\" target=\"_blank\" rel=\"noreferrer noopener\">www.relaisthalasso.com<\/a>&nbsp;et&nbsp;<a href=\"http:\/\/www.watsu-france.org\/\" target=\"_blank\" rel=\"noreferrer noopener\">www.watsu-france.org<\/a><\/p>\n<p>Propos recueillis par Sonia PEYRIEUX \u2013 Article TV Sant\u00e9 \u2013 TV Magazine du Midi Libre (du dimanche 24 au samedi 30 octobre 2010).<\/p>\n<p>El WATSU :<\/p>\n<p>Los movimientos se realizan en armon\u00eda con la respiraci\u00f3n y de forma progresiva, en un fl ujo continuo, como un baile ritmico y van acompanados estiramientos suaves al mismo tiempo que profundos, presiones sobre los puntos de Shiatsu, masaje y trabajo energ\u00e9tico. Se usa la ligereza del cuerpo en el agua para movilizarlo en formas alternativas a las posibles en seco. Watsu facilita la regeneraci\u00f3n natural del cuerpo y de la mente.<\/p>\n<p>Water-Shiatsu. Movements are combined with gentle stretching, oriental acupressure points and shiatsu massage. Watsu uses the lightness of the body in water to free the spinal vertebrae, rotate joint articulations and elongate muscles in alternative ways possible on land.This rythmic \u201cdanse-like\u201d movements are performed in harmony with your breath to inspire the natural regeneration of body and mind.<\/p>\n","protected":false},"excerpt":{"rendered":"<p>Watsu est un n\u00e9ologisme qui correspond \u00e0 la contraction des termes water et shiatsu, tout simplement parce que cette discipline, n\u00e9e il y a vingt-cinq ans aux Etats-Unis, est une s\u00e9ance de shiatsu de vingt minutes dans une eau \u00e0 35\u00b0C. Le watsu est une forme de shiatsu dans l\u2019eau chaude.En accompagnant le rythme respiratoire<\/p><\/div>\n<div class=\"blog-btn\"><a href=\"https:\/\/bains-saint-thomas.fr\/en\/watsu\/\" class=\"home-blog-btn\">Read More<\/a><\/p>\n","protected":false},"author":1,"featured_media":0,"parent":0,"menu_order":0,"comment_status":"closed","ping_status":"closed","template":"page-fullwidth.php","meta":{"footnotes":""},"class_list":["post-388","page","type-page","status-publish","hentry"],"yoast_head":"<!-- This site is optimized with the Yoast SEO plugin v27.3 - https:\/\/yoast.com\/product\/yoast-seo-wordpress\/ -->\n<title>Watsu - Les Bains de Saint-Thomas<\/title>\n<meta name=\"robots\" content=\"index, follow, max-snippet:-1, max-image-preview:large, max-video-preview:-1\" \/>\n<link rel=\"canonical\" href=\"https:\/\/bains-saint-thomas.fr\/en\/watsu\/\" \/>\n<meta property=\"og:locale\" content=\"en_US\" \/>\n<meta property=\"og:type\" content=\"article\" \/>\n<meta property=\"og:title\" content=\"Watsu - Les Bains de Saint-Thomas\" \/>\n<meta property=\"og:description\" content=\"Watsu est un n\u00e9ologisme qui correspond \u00e0 la contraction des termes water et shiatsu, tout simplement parce que cette discipline, n\u00e9e il y a vingt-cinq ans aux Etats-Unis, est une s\u00e9ance de shiatsu de vingt minutes dans une eau \u00e0 35\u00b0C. Le watsu est une forme de shiatsu dans l\u2019eau chaude.En accompagnant le rythme respiratoireRead More\" \/>\n<meta property=\"og:url\" content=\"https:\/\/bains-saint-thomas.fr\/en\/watsu\/\" \/>\n<meta property=\"og:site_name\" content=\"Les Bains de Saint-Thomas\" \/>\n<meta property=\"article:modified_time\" content=\"2021-12-20T11:33:12+00:00\" \/>\n<meta property=\"og:image\" content=\"https:\/\/bains-saint-thomas.fr\/en\/wp-content\/uploads\/sites\/2\/qsdfdfgdgdg-e1559234630123-300x248.png\" \/>\n<meta name=\"twitter:card\" content=\"summary_large_image\" \/>\n<meta name=\"twitter:label1\" content=\"Est. reading time\" \/>\n\t<meta name=\"twitter:data1\" content=\"4 minutes\" \/>\n<script type=\"application\/ld+json\" class=\"yoast-schema-graph\">{\"@context\":\"https:\\\/\\\/schema.org\",\"@graph\":[{\"@type\":\"WebPage\",\"@id\":\"https:\\\/\\\/bains-saint-thomas.fr\\\/en\\\/watsu\\\/\",\"url\":\"https:\\\/\\\/bains-saint-thomas.fr\\\/en\\\/watsu\\\/\",\"name\":\"Watsu - Les Bains de Saint-Thomas\",\"isPartOf\":{\"@id\":\"https:\\\/\\\/bains-saint-thomas.fr\\\/en\\\/#website\"},\"primaryImageOfPage\":{\"@id\":\"https:\\\/\\\/bains-saint-thomas.fr\\\/en\\\/watsu\\\/#primaryimage\"},\"image\":{\"@id\":\"https:\\\/\\\/bains-saint-thomas.fr\\\/en\\\/watsu\\\/#primaryimage\"},\"thumbnailUrl\":\"https:\\\/\\\/bains-saint-thomas.fr\\\/en\\\/wp-content\\\/uploads\\\/sites\\\/2\\\/qsdfdfgdgdg-e1559234630123-300x248.png\",\"datePublished\":\"2019-05-31T13:09:16+00:00\",\"dateModified\":\"2021-12-20T11:33:12+00:00\",\"breadcrumb\":{\"@id\":\"https:\\\/\\\/bains-saint-thomas.fr\\\/en\\\/watsu\\\/#breadcrumb\"},\"inLanguage\":\"en-US\",\"potentialAction\":[{\"@type\":\"ReadAction\",\"target\":[\"https:\\\/\\\/bains-saint-thomas.fr\\\/en\\\/watsu\\\/\"]}]},{\"@type\":\"ImageObject\",\"inLanguage\":\"en-US\",\"@id\":\"https:\\\/\\\/bains-saint-thomas.fr\\\/en\\\/watsu\\\/#primaryimage\",\"url\":\"https:\\\/\\\/bains-saint-thomas.fr\\\/en\\\/wp-content\\\/uploads\\\/sites\\\/2\\\/qsdfdfgdgdg-e1559234630123.png\",\"contentUrl\":\"https:\\\/\\\/bains-saint-thomas.fr\\\/en\\\/wp-content\\\/uploads\\\/sites\\\/2\\\/qsdfdfgdgdg-e1559234630123.png\",\"width\":625,\"height\":516},{\"@type\":\"BreadcrumbList\",\"@id\":\"https:\\\/\\\/bains-saint-thomas.fr\\\/en\\\/watsu\\\/#breadcrumb\",\"itemListElement\":[{\"@type\":\"ListItem\",\"position\":1,\"name\":\"Home\",\"item\":\"https:\\\/\\\/bains-saint-thomas.fr\\\/en\\\/\"},{\"@type\":\"ListItem\",\"position\":2,\"name\":\"Watsu\"}]},{\"@type\":\"WebSite\",\"@id\":\"https:\\\/\\\/bains-saint-thomas.fr\\\/en\\\/#website\",\"url\":\"https:\\\/\\\/bains-saint-thomas.fr\\\/en\\\/\",\"name\":\"Les Bains de Saint-Thomas\",\"description\":\"\",\"publisher\":{\"@id\":\"https:\\\/\\\/bains-saint-thomas.fr\\\/en\\\/#organization\"},\"potentialAction\":[{\"@type\":\"SearchAction\",\"target\":{\"@type\":\"EntryPoint\",\"urlTemplate\":\"https:\\\/\\\/bains-saint-thomas.fr\\\/en\\\/?s={search_term_string}\"},\"query-input\":{\"@type\":\"PropertyValueSpecification\",\"valueRequired\":true,\"valueName\":\"search_term_string\"}}],\"inLanguage\":\"en-US\"},{\"@type\":\"Organization\",\"@id\":\"https:\\\/\\\/bains-saint-thomas.fr\\\/en\\\/#organization\",\"name\":\"Les Bains de Saint-Thomas\",\"url\":\"https:\\\/\\\/bains-saint-thomas.fr\\\/en\\\/\",\"logo\":{\"@type\":\"ImageObject\",\"inLanguage\":\"en-US\",\"@id\":\"https:\\\/\\\/bains-saint-thomas.fr\\\/en\\\/#\\\/schema\\\/logo\\\/image\\\/\",\"url\":\"https:\\\/\\\/bains-saint-thomas.fr\\\/en\\\/wp-content\\\/uploads\\\/sites\\\/2\\\/cropped-les-bains-de-st-thomasdddd.png\",\"contentUrl\":\"https:\\\/\\\/bains-saint-thomas.fr\\\/en\\\/wp-content\\\/uploads\\\/sites\\\/2\\\/cropped-les-bains-de-st-thomasdddd.png\",\"width\":210,\"height\":177,\"caption\":\"Les Bains de Saint-Thomas\"},\"image\":{\"@id\":\"https:\\\/\\\/bains-saint-thomas.fr\\\/en\\\/#\\\/schema\\\/logo\\\/image\\\/\"}}]}<\/script>\n<!-- \/ Yoast SEO plugin. -->","yoast_head_json":{"title":"Watsu - Les Bains de Saint-Thomas","robots":{"index":"index","follow":"follow","max-snippet":"max-snippet:-1","max-image-preview":"max-image-preview:large","max-video-preview":"max-video-preview:-1"},"canonical":"https:\/\/bains-saint-thomas.fr\/en\/watsu\/","og_locale":"en_US","og_type":"article","og_title":"Watsu - Les Bains de Saint-Thomas","og_description":"Watsu est un n\u00e9ologisme qui correspond \u00e0 la contraction des termes water et shiatsu, tout simplement parce que cette discipline, n\u00e9e il y a vingt-cinq ans aux Etats-Unis, est une s\u00e9ance de shiatsu de vingt minutes dans une eau \u00e0 35\u00b0C. Le watsu est une forme de shiatsu dans l\u2019eau chaude.En accompagnant le rythme respiratoireRead More","og_url":"https:\/\/bains-saint-thomas.fr\/en\/watsu\/","og_site_name":"Les Bains de Saint-Thomas","article_modified_time":"2021-12-20T11:33:12+00:00","og_image":[{"url":"https:\/\/bains-saint-thomas.fr\/en\/wp-content\/uploads\/sites\/2\/qsdfdfgdgdg-e1559234630123-300x248.png","type":"","width":"","height":""}],"twitter_card":"summary_large_image","twitter_misc":{"Est. reading time":"4 minutes"},"schema":{"@context":"https:\/\/schema.org","@graph":[{"@type":"WebPage","@id":"https:\/\/bains-saint-thomas.fr\/en\/watsu\/","url":"https:\/\/bains-saint-thomas.fr\/en\/watsu\/","name":"Watsu - Les Bains de Saint-Thomas","isPartOf":{"@id":"https:\/\/bains-saint-thomas.fr\/en\/#website"},"primaryImageOfPage":{"@id":"https:\/\/bains-saint-thomas.fr\/en\/watsu\/#primaryimage"},"image":{"@id":"https:\/\/bains-saint-thomas.fr\/en\/watsu\/#primaryimage"},"thumbnailUrl":"https:\/\/bains-saint-thomas.fr\/en\/wp-content\/uploads\/sites\/2\/qsdfdfgdgdg-e1559234630123-300x248.png","datePublished":"2019-05-31T13:09:16+00:00","dateModified":"2021-12-20T11:33:12+00:00","breadcrumb":{"@id":"https:\/\/bains-saint-thomas.fr\/en\/watsu\/#breadcrumb"},"inLanguage":"en-US","potentialAction":[{"@type":"ReadAction","target":["https:\/\/bains-saint-thomas.fr\/en\/watsu\/"]}]},{"@type":"ImageObject","inLanguage":"en-US","@id":"https:\/\/bains-saint-thomas.fr\/en\/watsu\/#primaryimage","url":"https:\/\/bains-saint-thomas.fr\/en\/wp-content\/uploads\/sites\/2\/qsdfdfgdgdg-e1559234630123.png","contentUrl":"https:\/\/bains-saint-thomas.fr\/en\/wp-content\/uploads\/sites\/2\/qsdfdfgdgdg-e1559234630123.png","width":625,"height":516},{"@type":"BreadcrumbList","@id":"https:\/\/bains-saint-thomas.fr\/en\/watsu\/#breadcrumb","itemListElement":[{"@type":"ListItem","position":1,"name":"Home","item":"https:\/\/bains-saint-thomas.fr\/en\/"},{"@type":"ListItem","position":2,"name":"Watsu"}]},{"@type":"WebSite","@id":"https:\/\/bains-saint-thomas.fr\/en\/#website","url":"https:\/\/bains-saint-thomas.fr\/en\/","name":"Les Bains de Saint-Thomas","description":"","publisher":{"@id":"https:\/\/bains-saint-thomas.fr\/en\/#organization"},"potentialAction":[{"@type":"SearchAction","target":{"@type":"EntryPoint","urlTemplate":"https:\/\/bains-saint-thomas.fr\/en\/?s={search_term_string}"},"query-input":{"@type":"PropertyValueSpecification","valueRequired":true,"valueName":"search_term_string"}}],"inLanguage":"en-US"},{"@type":"Organization","@id":"https:\/\/bains-saint-thomas.fr\/en\/#organization","name":"Les Bains de Saint-Thomas","url":"https:\/\/bains-saint-thomas.fr\/en\/","logo":{"@type":"ImageObject","inLanguage":"en-US","@id":"https:\/\/bains-saint-thomas.fr\/en\/#\/schema\/logo\/image\/","url":"https:\/\/bains-saint-thomas.fr\/en\/wp-content\/uploads\/sites\/2\/cropped-les-bains-de-st-thomasdddd.png","contentUrl":"https:\/\/bains-saint-thomas.fr\/en\/wp-content\/uploads\/sites\/2\/cropped-les-bains-de-st-thomasdddd.png","width":210,"height":177,"caption":"Les Bains de Saint-Thomas"},"image":{"@id":"https:\/\/bains-saint-thomas.fr\/en\/#\/schema\/logo\/image\/"}}]}},"jetpack_shortlink":"https:\/\/wp.me\/P8ZYZK-6g","jetpack_sharing_enabled":true,"_links":{"self":[{"href":"https:\/\/bains-saint-thomas.fr\/en\/wp-json\/wp\/v2\/pages\/388","targetHints":{"allow":["GET"]}}],"collection":[{"href":"https:\/\/bains-saint-thomas.fr\/en\/wp-json\/wp\/v2\/pages"}],"about":[{"href":"https:\/\/bains-saint-thomas.fr\/en\/wp-json\/wp\/v2\/types\/page"}],"author":[{"embeddable":true,"href":"https:\/\/bains-saint-thomas.fr\/en\/wp-json\/wp\/v2\/users\/1"}],"replies":[{"embeddable":true,"href":"https:\/\/bains-saint-thomas.fr\/en\/wp-json\/wp\/v2\/comments?post=388"}],"version-history":[{"count":21,"href":"https:\/\/bains-saint-thomas.fr\/en\/wp-json\/wp\/v2\/pages\/388\/revisions"}],"predecessor-version":[{"id":560,"href":"https:\/\/bains-saint-thomas.fr\/en\/wp-json\/wp\/v2\/pages\/388\/revisions\/560"}],"wp:attachment":[{"href":"https:\/\/bains-saint-thomas.fr\/en\/wp-json\/wp\/v2\/media?parent=388"}],"curies":[{"name":"wp","href":"https:\/\/api.w.org\/{rel}","templated":true}]}}