{"id":26,"date":"2014-01-08T12:25:37","date_gmt":"2014-01-08T11:25:37","guid":{"rendered":"https:\/\/bains-saint-thomas.fr\/en\/?page_id=26"},"modified":"2023-08-04T16:05:14","modified_gmt":"2023-08-04T15:05:14","slug":"care-and-massage","status":"publish","type":"page","link":"https:\/\/bains-saint-thomas.fr\/en\/care-and-massage\/","title":{"rendered":"Care and massage"},"content":{"rendered":"<h1><\/h1>\n<h1 id=\"Massage\"><strong>Les 3 formules de saint-Thomas les bains :<\/strong><\/h1>\n<ul>\n<li>La formule simple donnant acc\u00e8s \u00e0 3 bassins ext\u00e9rieurs dont un avec jacuzzi et jets de massages. Deux rampes de douche en eau thermale pure.<\/li>\n<li>La formule compl\u00e8te qui donne acc\u00e8s, en plus des 3 bassins ext\u00e9rieurs, \u00e0 l&#8217;espace int\u00e9rieur avec 3 salles de hammam parfum\u00e9es aux huiles essentielles, deux jacuzzis, un espace de relaxation et solarium, le salon de th\u00e9 o\u00f9 l&#8217;on vous offrira une boisson chaude.<\/li>\n<li><strong>Les formules de soins et de modelages (massages)<\/strong> : \u00e0 partir de 30,00 euros (+ 17\u20ac de la formule compl\u00e8te) pour la 1re formule comprenant 20mn de massage et l&#8217;acc\u00e8s illimit\u00e9 aux bains ext\u00e9rieurs et \u00e0 l&#8217;espace hammam. Il existe de nombreuses formules de modelage (consulter le site internet et t\u00e9l\u00e9charger le fichier pdf). La r\u00e9servation des soins est fortement conseill\u00e9e.<\/li>\n<\/ul>\n<p><strong>Pensez \u00e0 faire plaisir en offrant des massages et des soins, nous proposons des formules en &#8220;BONS-CADEAUX&#8221;.<\/strong><\/p>\n<p>R\u00e9servations et renseignements au 04 68 97 03 13 de 10h \u00e0 19h.<br \/>\n<strong>Les r\u00e8glements<\/strong> se font par ch\u00e8ques, esp\u00e8ces ou\u00a0cartes bancaires.<\/p>\n<p><img loading=\"lazy\" decoding=\"async\" id=\"MImage01\" class=\"alignnone size-medium wp-image-370\" src=\"https:\/\/bains-saint-thomas.fr\/en\/wp-content\/uploads\/sites\/2\/qsdfdfgdgdg-e1559234630123-300x248.png\" alt=\"\" width=\"300\" height=\"248\" srcset=\"https:\/\/bains-saint-thomas.fr\/en\/wp-content\/uploads\/sites\/2\/qsdfdfgdgdg-e1559234630123-300x248.png 300w, https:\/\/bains-saint-thomas.fr\/en\/wp-content\/uploads\/sites\/2\/qsdfdfgdgdg-e1559234630123.png 625w\" sizes=\"auto, (max-width: 300px) 100vw, 300px\" \/><\/p>\n<h1><\/h1>\n<h1><\/h1>\n<h1 id=\"M02\"><strong>Les formules de soins et de massages :<\/strong><\/h1>\n<p><b>Les praticiennes de massages proposent les massages du monde, elles\u00a0 sont des travailleurs ind\u00e9pendants dipl\u00f4m\u00e9es.\u00a0 Chaque formule comprend l&#8217;acc\u00e8s au hammam et aux bains d&#8217;eau chaude sulfureuse de fa\u00e7on illimit\u00e9e <\/b><em>( la formule compl\u00e8te hammam + bains ne comprend qu&#8217;un seul passage \u00e0 l&#8217;espace hammam sans limitation de temps)<\/em><\/p>\n<p>L&#8217;espace hammam est ouvert\u00a0<strong>tous les lundi, \u00e0 partir de 11h.<\/strong>\u00a0Possibilit\u00e9 de soins (rdv conseill\u00e9).<\/p>\n<p>Massages homme, femme ( possibilit\u00e9 de massage enfant suivant la praticienne).<br \/>\nMassages et soins de 10 h \u00e0 19 h. (Massages \u00e0 vis\u00e9e non th\u00e9rapeutique).<\/p>\n<h2><\/h2>\n<h2>Sylvie BLACHON<\/h2>\n<p>MASSEUSE\/HYDROTH\u00c9RAPEUTE<\/p>\n<h2>Sarah CARANCHINI<\/h2>\n<p>SPA PRATICIENNE\/PRATICIENNE DE WATSU<\/p>\n<p><i><span style=\"color: #191e23;\">(Praticienne certifi\u00e9e par la Worldwide Aquatic Bodywork Association)<\/span><\/i><\/p>\n<h2>Sylvie LAURENSON<\/h2>\n<p>SPA PRATICIENNE\/PRATICIENNE DE WATSU<\/p>\n<p><i><span style=\"color: #191e23;\">(Praticienne certifi\u00e9e par la Worldwide Aquatic Bodywork Association)<\/span><\/i><\/p>\n<h2>kirsten GENTZSCH<\/h2>\n<p>PRATICIENNE EN MASSAGE<\/p>\n<h2>Mathilde MONTAVILLE<\/h2>\n<p>PRATICIENNE EN MASSAGE<\/p>\n<h2>Sabrina TORQUEMADA<\/h2>\n<div>\n<p>PRATICIENNE EN MASSAGE<\/p>\n<p><strong>Vous pouvez consulter les fiches technique de soins et de massages sur la page web en fran\u00e7ais<\/strong><\/p>\n<\/div>\n<div><\/div>\n","protected":false},"excerpt":{"rendered":"<p>Les 3 formules de saint-Thomas les bains : La formule simple donnant acc\u00e8s \u00e0 3 bassins ext\u00e9rieurs dont un avec jacuzzi et jets de massages. Deux rampes de douche en eau thermale pure. La formule compl\u00e8te qui donne acc\u00e8s, en plus des 3 bassins ext\u00e9rieurs, \u00e0 l&#8217;espace int\u00e9rieur avec 3 salles de hammam parfum\u00e9es aux<\/p><\/div>\n<div class=\"blog-btn\"><a href=\"https:\/\/bains-saint-thomas.fr\/en\/care-and-massage\/\" class=\"home-blog-btn\">Read More<\/a><\/p>\n","protected":false},"author":1,"featured_media":0,"parent":0,"menu_order":0,"comment_status":"closed","ping_status":"closed","template":"","meta":{"footnotes":""},"class_list":["post-26","page","type-page","status-publish","hentry"],"yoast_head":"<!-- This site is optimized with the Yoast SEO plugin v27.3 - https:\/\/yoast.com\/product\/yoast-seo-wordpress\/ -->\n<title>Care and massage - Les Bains de Saint-Thomas<\/title>\n<meta name=\"robots\" content=\"index, follow, max-snippet:-1, max-image-preview:large, max-video-preview:-1\" \/>\n<link rel=\"canonical\" href=\"https:\/\/bains-saint-thomas.fr\/en\/care-and-massage\/\" \/>\n<meta property=\"og:locale\" content=\"en_US\" \/>\n<meta property=\"og:type\" content=\"article\" \/>\n<meta property=\"og:title\" content=\"Care and massage - Les Bains de Saint-Thomas\" \/>\n<meta property=\"og:description\" content=\"Les 3 formules de saint-Thomas les bains : La formule simple donnant acc\u00e8s \u00e0 3 bassins ext\u00e9rieurs dont un avec jacuzzi et jets de massages. Deux rampes de douche en eau thermale pure. La formule compl\u00e8te qui donne acc\u00e8s, en plus des 3 bassins ext\u00e9rieurs, \u00e0 l&#8217;espace int\u00e9rieur avec 3 salles de hammam parfum\u00e9es auxRead More\" \/>\n<meta property=\"og:url\" content=\"https:\/\/bains-saint-thomas.fr\/en\/care-and-massage\/\" \/>\n<meta property=\"og:site_name\" content=\"Les Bains de Saint-Thomas\" \/>\n<meta property=\"article:modified_time\" content=\"2023-08-04T15:05:14+00:00\" \/>\n<meta property=\"og:image\" content=\"https:\/\/bains-saint-thomas.fr\/en\/wp-content\/uploads\/sites\/2\/qsdfdfgdgdg-e1559234630123-300x248.png\" \/>\n<meta name=\"twitter:card\" content=\"summary_large_image\" \/>\n<meta name=\"twitter:label1\" content=\"Est. reading time\" \/>\n\t<meta name=\"twitter:data1\" content=\"2 minutes\" \/>\n<script type=\"application\/ld+json\" class=\"yoast-schema-graph\">{\"@context\":\"https:\\\/\\\/schema.org\",\"@graph\":[{\"@type\":\"WebPage\",\"@id\":\"https:\\\/\\\/bains-saint-thomas.fr\\\/en\\\/care-and-massage\\\/\",\"url\":\"https:\\\/\\\/bains-saint-thomas.fr\\\/en\\\/care-and-massage\\\/\",\"name\":\"Care and massage - Les Bains de Saint-Thomas\",\"isPartOf\":{\"@id\":\"https:\\\/\\\/bains-saint-thomas.fr\\\/en\\\/#website\"},\"primaryImageOfPage\":{\"@id\":\"https:\\\/\\\/bains-saint-thomas.fr\\\/en\\\/care-and-massage\\\/#primaryimage\"},\"image\":{\"@id\":\"https:\\\/\\\/bains-saint-thomas.fr\\\/en\\\/care-and-massage\\\/#primaryimage\"},\"thumbnailUrl\":\"https:\\\/\\\/bains-saint-thomas.fr\\\/en\\\/wp-content\\\/uploads\\\/sites\\\/2\\\/qsdfdfgdgdg-e1559234630123-300x248.png\",\"datePublished\":\"2014-01-08T11:25:37+00:00\",\"dateModified\":\"2023-08-04T15:05:14+00:00\",\"breadcrumb\":{\"@id\":\"https:\\\/\\\/bains-saint-thomas.fr\\\/en\\\/care-and-massage\\\/#breadcrumb\"},\"inLanguage\":\"en-US\",\"potentialAction\":[{\"@type\":\"ReadAction\",\"target\":[\"https:\\\/\\\/bains-saint-thomas.fr\\\/en\\\/care-and-massage\\\/\"]}]},{\"@type\":\"ImageObject\",\"inLanguage\":\"en-US\",\"@id\":\"https:\\\/\\\/bains-saint-thomas.fr\\\/en\\\/care-and-massage\\\/#primaryimage\",\"url\":\"https:\\\/\\\/bains-saint-thomas.fr\\\/en\\\/wp-content\\\/uploads\\\/sites\\\/2\\\/qsdfdfgdgdg-e1559234630123.png\",\"contentUrl\":\"https:\\\/\\\/bains-saint-thomas.fr\\\/en\\\/wp-content\\\/uploads\\\/sites\\\/2\\\/qsdfdfgdgdg-e1559234630123.png\",\"width\":625,\"height\":516},{\"@type\":\"BreadcrumbList\",\"@id\":\"https:\\\/\\\/bains-saint-thomas.fr\\\/en\\\/care-and-massage\\\/#breadcrumb\",\"itemListElement\":[{\"@type\":\"ListItem\",\"position\":1,\"name\":\"Home\",\"item\":\"https:\\\/\\\/bains-saint-thomas.fr\\\/en\\\/\"},{\"@type\":\"ListItem\",\"position\":2,\"name\":\"Care and massage\"}]},{\"@type\":\"WebSite\",\"@id\":\"https:\\\/\\\/bains-saint-thomas.fr\\\/en\\\/#website\",\"url\":\"https:\\\/\\\/bains-saint-thomas.fr\\\/en\\\/\",\"name\":\"Les Bains de Saint-Thomas\",\"description\":\"\",\"publisher\":{\"@id\":\"https:\\\/\\\/bains-saint-thomas.fr\\\/en\\\/#organization\"},\"potentialAction\":[{\"@type\":\"SearchAction\",\"target\":{\"@type\":\"EntryPoint\",\"urlTemplate\":\"https:\\\/\\\/bains-saint-thomas.fr\\\/en\\\/?s={search_term_string}\"},\"query-input\":{\"@type\":\"PropertyValueSpecification\",\"valueRequired\":true,\"valueName\":\"search_term_string\"}}],\"inLanguage\":\"en-US\"},{\"@type\":\"Organization\",\"@id\":\"https:\\\/\\\/bains-saint-thomas.fr\\\/en\\\/#organization\",\"name\":\"Les Bains de Saint-Thomas\",\"url\":\"https:\\\/\\\/bains-saint-thomas.fr\\\/en\\\/\",\"logo\":{\"@type\":\"ImageObject\",\"inLanguage\":\"en-US\",\"@id\":\"https:\\\/\\\/bains-saint-thomas.fr\\\/en\\\/#\\\/schema\\\/logo\\\/image\\\/\",\"url\":\"https:\\\/\\\/bains-saint-thomas.fr\\\/en\\\/wp-content\\\/uploads\\\/sites\\\/2\\\/cropped-les-bains-de-st-thomasdddd.png\",\"contentUrl\":\"https:\\\/\\\/bains-saint-thomas.fr\\\/en\\\/wp-content\\\/uploads\\\/sites\\\/2\\\/cropped-les-bains-de-st-thomasdddd.png\",\"width\":210,\"height\":177,\"caption\":\"Les Bains de Saint-Thomas\"},\"image\":{\"@id\":\"https:\\\/\\\/bains-saint-thomas.fr\\\/en\\\/#\\\/schema\\\/logo\\\/image\\\/\"}}]}<\/script>\n<!-- \/ Yoast SEO plugin. -->","yoast_head_json":{"title":"Care and massage - Les Bains de Saint-Thomas","robots":{"index":"index","follow":"follow","max-snippet":"max-snippet:-1","max-image-preview":"max-image-preview:large","max-video-preview":"max-video-preview:-1"},"canonical":"https:\/\/bains-saint-thomas.fr\/en\/care-and-massage\/","og_locale":"en_US","og_type":"article","og_title":"Care and massage - Les Bains de Saint-Thomas","og_description":"Les 3 formules de saint-Thomas les bains : La formule simple donnant acc\u00e8s \u00e0 3 bassins ext\u00e9rieurs dont un avec jacuzzi et jets de massages. Deux rampes de douche en eau thermale pure. La formule compl\u00e8te qui donne acc\u00e8s, en plus des 3 bassins ext\u00e9rieurs, \u00e0 l&#8217;espace int\u00e9rieur avec 3 salles de hammam parfum\u00e9es auxRead More","og_url":"https:\/\/bains-saint-thomas.fr\/en\/care-and-massage\/","og_site_name":"Les Bains de Saint-Thomas","article_modified_time":"2023-08-04T15:05:14+00:00","og_image":[{"url":"https:\/\/bains-saint-thomas.fr\/en\/wp-content\/uploads\/sites\/2\/qsdfdfgdgdg-e1559234630123-300x248.png","type":"","width":"","height":""}],"twitter_card":"summary_large_image","twitter_misc":{"Est. reading time":"2 minutes"},"schema":{"@context":"https:\/\/schema.org","@graph":[{"@type":"WebPage","@id":"https:\/\/bains-saint-thomas.fr\/en\/care-and-massage\/","url":"https:\/\/bains-saint-thomas.fr\/en\/care-and-massage\/","name":"Care and massage - Les Bains de Saint-Thomas","isPartOf":{"@id":"https:\/\/bains-saint-thomas.fr\/en\/#website"},"primaryImageOfPage":{"@id":"https:\/\/bains-saint-thomas.fr\/en\/care-and-massage\/#primaryimage"},"image":{"@id":"https:\/\/bains-saint-thomas.fr\/en\/care-and-massage\/#primaryimage"},"thumbnailUrl":"https:\/\/bains-saint-thomas.fr\/en\/wp-content\/uploads\/sites\/2\/qsdfdfgdgdg-e1559234630123-300x248.png","datePublished":"2014-01-08T11:25:37+00:00","dateModified":"2023-08-04T15:05:14+00:00","breadcrumb":{"@id":"https:\/\/bains-saint-thomas.fr\/en\/care-and-massage\/#breadcrumb"},"inLanguage":"en-US","potentialAction":[{"@type":"ReadAction","target":["https:\/\/bains-saint-thomas.fr\/en\/care-and-massage\/"]}]},{"@type":"ImageObject","inLanguage":"en-US","@id":"https:\/\/bains-saint-thomas.fr\/en\/care-and-massage\/#primaryimage","url":"https:\/\/bains-saint-thomas.fr\/en\/wp-content\/uploads\/sites\/2\/qsdfdfgdgdg-e1559234630123.png","contentUrl":"https:\/\/bains-saint-thomas.fr\/en\/wp-content\/uploads\/sites\/2\/qsdfdfgdgdg-e1559234630123.png","width":625,"height":516},{"@type":"BreadcrumbList","@id":"https:\/\/bains-saint-thomas.fr\/en\/care-and-massage\/#breadcrumb","itemListElement":[{"@type":"ListItem","position":1,"name":"Home","item":"https:\/\/bains-saint-thomas.fr\/en\/"},{"@type":"ListItem","position":2,"name":"Care and massage"}]},{"@type":"WebSite","@id":"https:\/\/bains-saint-thomas.fr\/en\/#website","url":"https:\/\/bains-saint-thomas.fr\/en\/","name":"Les Bains de Saint-Thomas","description":"","publisher":{"@id":"https:\/\/bains-saint-thomas.fr\/en\/#organization"},"potentialAction":[{"@type":"SearchAction","target":{"@type":"EntryPoint","urlTemplate":"https:\/\/bains-saint-thomas.fr\/en\/?s={search_term_string}"},"query-input":{"@type":"PropertyValueSpecification","valueRequired":true,"valueName":"search_term_string"}}],"inLanguage":"en-US"},{"@type":"Organization","@id":"https:\/\/bains-saint-thomas.fr\/en\/#organization","name":"Les Bains de Saint-Thomas","url":"https:\/\/bains-saint-thomas.fr\/en\/","logo":{"@type":"ImageObject","inLanguage":"en-US","@id":"https:\/\/bains-saint-thomas.fr\/en\/#\/schema\/logo\/image\/","url":"https:\/\/bains-saint-thomas.fr\/en\/wp-content\/uploads\/sites\/2\/cropped-les-bains-de-st-thomasdddd.png","contentUrl":"https:\/\/bains-saint-thomas.fr\/en\/wp-content\/uploads\/sites\/2\/cropped-les-bains-de-st-thomasdddd.png","width":210,"height":177,"caption":"Les Bains de Saint-Thomas"},"image":{"@id":"https:\/\/bains-saint-thomas.fr\/en\/#\/schema\/logo\/image\/"}}]}},"jetpack_shortlink":"https:\/\/wp.me\/P8ZYZK-q","jetpack_sharing_enabled":true,"_links":{"self":[{"href":"https:\/\/bains-saint-thomas.fr\/en\/wp-json\/wp\/v2\/pages\/26","targetHints":{"allow":["GET"]}}],"collection":[{"href":"https:\/\/bains-saint-thomas.fr\/en\/wp-json\/wp\/v2\/pages"}],"about":[{"href":"https:\/\/bains-saint-thomas.fr\/en\/wp-json\/wp\/v2\/types\/page"}],"author":[{"embeddable":true,"href":"https:\/\/bains-saint-thomas.fr\/en\/wp-json\/wp\/v2\/users\/1"}],"replies":[{"embeddable":true,"href":"https:\/\/bains-saint-thomas.fr\/en\/wp-json\/wp\/v2\/comments?post=26"}],"version-history":[{"count":16,"href":"https:\/\/bains-saint-thomas.fr\/en\/wp-json\/wp\/v2\/pages\/26\/revisions"}],"predecessor-version":[{"id":635,"href":"https:\/\/bains-saint-thomas.fr\/en\/wp-json\/wp\/v2\/pages\/26\/revisions\/635"}],"wp:attachment":[{"href":"https:\/\/bains-saint-thomas.fr\/en\/wp-json\/wp\/v2\/media?parent=26"}],"curies":[{"name":"wp","href":"https:\/\/api.w.org\/{rel}","templated":true}]}}