{"id":8,"date":"2014-01-08T14:51:18","date_gmt":"2014-01-08T13:51:18","guid":{"rendered":"https:\/\/bains-saint-thomas.fr\/cat\/?page_id=8"},"modified":"2017-07-21T14:22:13","modified_gmt":"2017-07-21T13:22:13","slug":"els-banys","status":"publish","type":"page","link":"https:\/\/bains-saint-thomas.fr\/cat\/formules\/els-banys\/","title":{"rendered":"Els banys"},"content":{"rendered":"<h2>UN AMPLI AMFITEATRE\u2026<\/h2>\n<p>Imagineu un raconet de muntanya assolellat al fons d\u2019una vall, un ampli amfiteatre de pedra protegint, al seu interior, tres piscines d\u2019aigua calenta sulfurosa a l\u2019aire lliure&#8230;<br \/>\nSou sens dubte als Banys de Sant Tom\u00e0s en el petit municipi de Fontpedrosa, departament dels Pirineus Orientals, a 1150m d\u2019altitud on, d\u2019una magn\u00edfica font, brolla aigua sulfurosa a 58\u00b0 els efectes ben\u00e8fics de la qual s\u00f3n reconeguts des de fa anys.<\/p>\n<p>Hi ha tres piscines exteriors a una temperatura d\u2019uns 37\u00b0, equipades de jacuzzis i brolladors de massatge aix\u00ed com tamb\u00e9 de dues rampes de dutxa d\u2019aigua termal natural a una temperatura regulada.<br \/>\nL\u2019espai interior us oferir\u00e0 tres sales d\u2019hammam a temperatures progressives, perfumades amb olis essencials d\u2019eucaliptus i equipades amb llums ambientals de cromoter\u00e0pia (fibra \u00f2ptica), una pica d\u2019aigua freda i dutxes. Tamb\u00e9 podreu descobrir dos jacuzzis que dominen el torrent de la Riberola, un espai per descansar i relaxar-se, tres sales destinades a tractaments de bellesa i massatges i tamb\u00e9 un sal\u00f3 de te.<\/p>\n<p>L&rsquo;aigua termal de Sant Tom\u00e0s fa part de les m\u00e9s calentes del tipus pirinenc (58\u00b0). \u00c9s sulfurosa, bicarbonatada, rica en fluor, en silici total i en oligoelements. El pl\u00e0ncton termal la fa lleugera i dol\u00e7a per a la pell. Aquesta aigua excepcional, utilitzada natural, t\u00e9 efectes analg\u00e8sics, relaxants, antial\u00b7l\u00e8rgics i cicatritzants. La temperatura varia segons les exig\u00e8ncies clim\u00e0tiques: entre 34\u00b0 i 38\u00b0C.<br \/>\nLa profunditat m\u00e0xima de les piscines \u00e9s de 1,20m.<\/p>\n<p>&nbsp;<\/p>\n<h2>Tres piscines exteriors :<\/h2>\n<p>&#8211; Jacuzzi (aigua a 37\u00b0C) amb 5 brolls horitzontals i 2 de verticals.<br \/>\n&#8211; Piscina gran (aigua a 37\u00b0C) amb 2 colls de cigne.<br \/>\n&#8211; Piscina infantil (aigua a 37\u00b0C).<\/p>\n<div class=\"row\"> <div class=\"col-md-4\">\n<p><img decoding=\"async\" class=\"alignnone size-full wp-image-436\" style=\"width: auto; max-height: 100%;\" src=\"https:\/\/bains-saint-thomas.fr\/wp-content\/uploads\/bain2.jpg\" alt=\"\" \/><br \/>\n<\/div><div class=\"col-md-4\">\n<p><img decoding=\"async\" class=\"alignnone size-medium wp-image-437\" style=\"width: auto; max-height: 100%;\" src=\"https:\/\/bains-saint-thomas.fr\/wp-content\/uploads\/bain3.jpg\" alt=\"\" \/><\/p>\n<\/div><div class=\"col-md-4\">\n<p><img decoding=\"async\" class=\"alignnone size-medium wp-image-438\" style=\"width: auto; max-height: 100%;\" src=\"https:\/\/bains-saint-thomas.fr\/wp-content\/uploads\/bain1.jpg\" alt=\"\" \/><\/p>\n<\/div><\/div>\n","protected":false},"excerpt":{"rendered":"<p>UN AMPLI AMFITEATRE\u2026 Imagineu un raconet de muntanya assolellat al fons d\u2019una vall, un ampli amfiteatre de pedra protegint, al seu interior, tres piscines d\u2019aigua calenta sulfurosa a l\u2019aire lliure&#8230; Sou sens dubte als Banys de Sant Tom\u00e0s en el &hellip; <a href=\"https:\/\/bains-saint-thomas.fr\/cat\/formules\/els-banys\/\">Lire la suite\u00ad\u00ad<\/a><\/p>\n","protected":false},"author":1,"featured_media":0,"parent":6,"menu_order":0,"comment_status":"closed","ping_status":"closed","template":"page-fullwidth.php","meta":{"footnotes":""},"class_list":["post-8","page","type-page","status-publish","hentry"],"yoast_head":"<!-- This site is optimized with the Yoast SEO plugin v27.5 - https:\/\/yoast.com\/product\/yoast-seo-wordpress\/ -->\n<title>Els banys - Banys de Sant Tom\u00e0s<\/title>\n<meta name=\"robots\" content=\"index, follow, max-snippet:-1, max-image-preview:large, max-video-preview:-1\" \/>\n<link rel=\"canonical\" href=\"https:\/\/bains-saint-thomas.fr\/cat\/formules\/els-banys\/\" \/>\n<meta property=\"og:locale\" content=\"fr_FR\" \/>\n<meta property=\"og:type\" content=\"article\" \/>\n<meta property=\"og:title\" content=\"Els banys - Banys de Sant Tom\u00e0s\" \/>\n<meta property=\"og:description\" content=\"UN AMPLI AMFITEATRE\u2026 Imagineu un raconet de muntanya assolellat al fons d\u2019una vall, un ampli amfiteatre de pedra protegint, al seu interior, tres piscines d\u2019aigua calenta sulfurosa a l\u2019aire lliure&#8230; Sou sens dubte als Banys de Sant Tom\u00e0s en el &hellip; Lire la suite\u00ad\u00ad\" \/>\n<meta property=\"og:url\" content=\"https:\/\/bains-saint-thomas.fr\/cat\/formules\/els-banys\/\" \/>\n<meta property=\"og:site_name\" content=\"Banys de Sant Tom\u00e0s\" \/>\n<meta property=\"article:modified_time\" content=\"2017-07-21T13:22:13+00:00\" \/>\n<meta property=\"og:image\" content=\"https:\/\/bains-saint-thomas.fr\/wp-content\/uploads\/bain2.jpg\" \/>\n<meta name=\"twitter:card\" content=\"summary_large_image\" \/>\n<meta name=\"twitter:label1\" content=\"Dur\u00e9e de lecture estim\u00e9e\" \/>\n\t<meta name=\"twitter:data1\" content=\"1 minute\" \/>\n<script type=\"application\/ld+json\" class=\"yoast-schema-graph\">{\"@context\":\"https:\\\/\\\/schema.org\",\"@graph\":[{\"@type\":\"WebPage\",\"@id\":\"https:\\\/\\\/bains-saint-thomas.fr\\\/cat\\\/formules\\\/els-banys\\\/\",\"url\":\"https:\\\/\\\/bains-saint-thomas.fr\\\/cat\\\/formules\\\/els-banys\\\/\",\"name\":\"Els banys - Banys de Sant Tom\u00e0s\",\"isPartOf\":{\"@id\":\"https:\\\/\\\/bains-saint-thomas.fr\\\/cat\\\/#website\"},\"primaryImageOfPage\":{\"@id\":\"https:\\\/\\\/bains-saint-thomas.fr\\\/cat\\\/formules\\\/els-banys\\\/#primaryimage\"},\"image\":{\"@id\":\"https:\\\/\\\/bains-saint-thomas.fr\\\/cat\\\/formules\\\/els-banys\\\/#primaryimage\"},\"thumbnailUrl\":\"https:\\\/\\\/bains-saint-thomas.fr\\\/wp-content\\\/uploads\\\/bain2.jpg\",\"datePublished\":\"2014-01-08T13:51:18+00:00\",\"dateModified\":\"2017-07-21T13:22:13+00:00\",\"breadcrumb\":{\"@id\":\"https:\\\/\\\/bains-saint-thomas.fr\\\/cat\\\/formules\\\/els-banys\\\/#breadcrumb\"},\"inLanguage\":\"fr-FR\",\"potentialAction\":[{\"@type\":\"ReadAction\",\"target\":[\"https:\\\/\\\/bains-saint-thomas.fr\\\/cat\\\/formules\\\/els-banys\\\/\"]}]},{\"@type\":\"ImageObject\",\"inLanguage\":\"fr-FR\",\"@id\":\"https:\\\/\\\/bains-saint-thomas.fr\\\/cat\\\/formules\\\/els-banys\\\/#primaryimage\",\"url\":\"https:\\\/\\\/bains-saint-thomas.fr\\\/wp-content\\\/uploads\\\/bain2.jpg\",\"contentUrl\":\"https:\\\/\\\/bains-saint-thomas.fr\\\/wp-content\\\/uploads\\\/bain2.jpg\"},{\"@type\":\"BreadcrumbList\",\"@id\":\"https:\\\/\\\/bains-saint-thomas.fr\\\/cat\\\/formules\\\/els-banys\\\/#breadcrumb\",\"itemListElement\":[{\"@type\":\"ListItem\",\"position\":1,\"name\":\"Accueil\",\"item\":\"https:\\\/\\\/bains-saint-thomas.fr\\\/cat\\\/\"},{\"@type\":\"ListItem\",\"position\":2,\"name\":\"F\u00f3rmules\",\"item\":\"https:\\\/\\\/bains-saint-thomas.fr\\\/cat\\\/formules\\\/\"},{\"@type\":\"ListItem\",\"position\":3,\"name\":\"Els banys\"}]},{\"@type\":\"WebSite\",\"@id\":\"https:\\\/\\\/bains-saint-thomas.fr\\\/cat\\\/#website\",\"url\":\"https:\\\/\\\/bains-saint-thomas.fr\\\/cat\\\/\",\"name\":\"Banys de Sant Tom\u00e0s\",\"description\":\"\",\"potentialAction\":[{\"@type\":\"SearchAction\",\"target\":{\"@type\":\"EntryPoint\",\"urlTemplate\":\"https:\\\/\\\/bains-saint-thomas.fr\\\/cat\\\/?s={search_term_string}\"},\"query-input\":{\"@type\":\"PropertyValueSpecification\",\"valueRequired\":true,\"valueName\":\"search_term_string\"}}],\"inLanguage\":\"fr-FR\"}]}<\/script>\n<!-- \/ Yoast SEO plugin. -->","yoast_head_json":{"title":"Els banys - Banys de Sant Tom\u00e0s","robots":{"index":"index","follow":"follow","max-snippet":"max-snippet:-1","max-image-preview":"max-image-preview:large","max-video-preview":"max-video-preview:-1"},"canonical":"https:\/\/bains-saint-thomas.fr\/cat\/formules\/els-banys\/","og_locale":"fr_FR","og_type":"article","og_title":"Els banys - Banys de Sant Tom\u00e0s","og_description":"UN AMPLI AMFITEATRE\u2026 Imagineu un raconet de muntanya assolellat al fons d\u2019una vall, un ampli amfiteatre de pedra protegint, al seu interior, tres piscines d\u2019aigua calenta sulfurosa a l\u2019aire lliure&#8230; Sou sens dubte als Banys de Sant Tom\u00e0s en el &hellip; Lire la suite\u00ad\u00ad","og_url":"https:\/\/bains-saint-thomas.fr\/cat\/formules\/els-banys\/","og_site_name":"Banys de Sant Tom\u00e0s","article_modified_time":"2017-07-21T13:22:13+00:00","og_image":[{"url":"https:\/\/bains-saint-thomas.fr\/wp-content\/uploads\/bain2.jpg","type":"","width":"","height":""}],"twitter_card":"summary_large_image","twitter_misc":{"Dur\u00e9e de lecture estim\u00e9e":"1 minute"},"schema":{"@context":"https:\/\/schema.org","@graph":[{"@type":"WebPage","@id":"https:\/\/bains-saint-thomas.fr\/cat\/formules\/els-banys\/","url":"https:\/\/bains-saint-thomas.fr\/cat\/formules\/els-banys\/","name":"Els banys - Banys de Sant Tom\u00e0s","isPartOf":{"@id":"https:\/\/bains-saint-thomas.fr\/cat\/#website"},"primaryImageOfPage":{"@id":"https:\/\/bains-saint-thomas.fr\/cat\/formules\/els-banys\/#primaryimage"},"image":{"@id":"https:\/\/bains-saint-thomas.fr\/cat\/formules\/els-banys\/#primaryimage"},"thumbnailUrl":"https:\/\/bains-saint-thomas.fr\/wp-content\/uploads\/bain2.jpg","datePublished":"2014-01-08T13:51:18+00:00","dateModified":"2017-07-21T13:22:13+00:00","breadcrumb":{"@id":"https:\/\/bains-saint-thomas.fr\/cat\/formules\/els-banys\/#breadcrumb"},"inLanguage":"fr-FR","potentialAction":[{"@type":"ReadAction","target":["https:\/\/bains-saint-thomas.fr\/cat\/formules\/els-banys\/"]}]},{"@type":"ImageObject","inLanguage":"fr-FR","@id":"https:\/\/bains-saint-thomas.fr\/cat\/formules\/els-banys\/#primaryimage","url":"https:\/\/bains-saint-thomas.fr\/wp-content\/uploads\/bain2.jpg","contentUrl":"https:\/\/bains-saint-thomas.fr\/wp-content\/uploads\/bain2.jpg"},{"@type":"BreadcrumbList","@id":"https:\/\/bains-saint-thomas.fr\/cat\/formules\/els-banys\/#breadcrumb","itemListElement":[{"@type":"ListItem","position":1,"name":"Accueil","item":"https:\/\/bains-saint-thomas.fr\/cat\/"},{"@type":"ListItem","position":2,"name":"F\u00f3rmules","item":"https:\/\/bains-saint-thomas.fr\/cat\/formules\/"},{"@type":"ListItem","position":3,"name":"Els banys"}]},{"@type":"WebSite","@id":"https:\/\/bains-saint-thomas.fr\/cat\/#website","url":"https:\/\/bains-saint-thomas.fr\/cat\/","name":"Banys de Sant Tom\u00e0s","description":"","potentialAction":[{"@type":"SearchAction","target":{"@type":"EntryPoint","urlTemplate":"https:\/\/bains-saint-thomas.fr\/cat\/?s={search_term_string}"},"query-input":{"@type":"PropertyValueSpecification","valueRequired":true,"valueName":"search_term_string"}}],"inLanguage":"fr-FR"}]}},"jetpack_shortlink":"https:\/\/wp.me\/P8ZYZV-8","jetpack_sharing_enabled":true,"_links":{"self":[{"href":"https:\/\/bains-saint-thomas.fr\/cat\/wp-json\/wp\/v2\/pages\/8","targetHints":{"allow":["GET"]}}],"collection":[{"href":"https:\/\/bains-saint-thomas.fr\/cat\/wp-json\/wp\/v2\/pages"}],"about":[{"href":"https:\/\/bains-saint-thomas.fr\/cat\/wp-json\/wp\/v2\/types\/page"}],"author":[{"embeddable":true,"href":"https:\/\/bains-saint-thomas.fr\/cat\/wp-json\/wp\/v2\/users\/1"}],"replies":[{"embeddable":true,"href":"https:\/\/bains-saint-thomas.fr\/cat\/wp-json\/wp\/v2\/comments?post=8"}],"version-history":[{"count":2,"href":"https:\/\/bains-saint-thomas.fr\/cat\/wp-json\/wp\/v2\/pages\/8\/revisions"}],"predecessor-version":[{"id":56,"href":"https:\/\/bains-saint-thomas.fr\/cat\/wp-json\/wp\/v2\/pages\/8\/revisions\/56"}],"up":[{"embeddable":true,"href":"https:\/\/bains-saint-thomas.fr\/cat\/wp-json\/wp\/v2\/pages\/6"}],"wp:attachment":[{"href":"https:\/\/bains-saint-thomas.fr\/cat\/wp-json\/wp\/v2\/media?parent=8"}],"curies":[{"name":"wp","href":"https:\/\/api.w.org\/{rel}","templated":true}]}}