{"id":24,"date":"2014-01-08T15:24:23","date_gmt":"2014-01-08T14:24:23","guid":{"rendered":"https:\/\/bains-saint-thomas.fr\/cat\/?page_id=24"},"modified":"2025-03-19T15:18:38","modified_gmt":"2025-03-19T14:18:38","slug":"acces","status":"publish","type":"page","link":"https:\/\/bains-saint-thomas.fr\/cat\/","title":{"rendered":"Acc\u00e8s &#038; Informaci\u00f3"},"content":{"rendered":"<p><iframe loading=\"lazy\" src=\"https:\/\/maps.google.fr\/maps?f=q&amp;source=s_q&amp;hl=fr&amp;geocode=&amp;q=bains+de+saint+thomas&amp;aq=&amp;sll=43.654388,3.266995&amp;sspn=7.121984,16.907959&amp;ie=UTF8&amp;hq=bains+de+saint+thomas&amp;hnear=&amp;t=m&amp;ll=42.777259,2.252197&amp;spn=0.806395,1.590271&amp;z=9&amp;iwloc=A&amp;output=embed\" width=\"580\" height=\"400\" frameborder=\"0\" marginwidth=\"0\" marginheight=\"0\" scrolling=\"no\"><\/iframe><\/p>\n<p><a href=\"https:\/\/maps.google.fr\/maps?f=q&amp;source=embed&amp;hl=fr&amp;geocode=&amp;q=bains+de+saint+thomas&amp;aq=&amp;sll=43.654388,3.266995&amp;sspn=7.121984,16.907959&amp;ie=UTF8&amp;hq=bains+de+saint+thomas&amp;hnear=&amp;t=m&amp;ll=42.777259,2.252197&amp;spn=0.806395,1.590271&amp;z=9&amp;iwloc=A\">veure el mapa gran<\/a><\/p>\n<h2>Per qu\u00e8?<\/h2>\n<p>Els banys de Sant Tom\u00e0s es troben a 73 km de Perpiny\u00e0 i a 20 km de Font- romeu, departament dels Pirineus Orientals.<\/p>\n<p>Per arribar-hi a partir de Perpiny\u00e0, agafeu la carretera nacional 116 direcci\u00f3 Andorra.<\/p>\n<p>Travessareu els pobles de Prada, Vilafranca de Conflent, Serdiny\u00e0, Joncet, Oleta i Fontpedrosa.<\/p>\n<p>A la sortida d\u2019aquest darrer poble (direcci\u00f3 Font-romeu) gireu a l\u2019esquerra i agafeu la carretereta que us conduir\u00e0 fins als banys de Sant Tom\u00e0s que es troben a 3 km.<\/p>\n<p>66360 FONTPEDROUSE \u2013 T\u00e9l : (+33) 04 68 97 03 13<br \/>Coordonn\u00e9es GPS : Latitude : 42.499851 \u2013 Longitude : 2.167310<\/p>\n\n\n<h2 class=\"wp-block-heading\">Informacio : <\/h2>\n\n\n\n<h2 class=\"wp-block-heading\"><strong>Las entradas son libres y sin reserva. Solo se recomienda reservar para los masajes ( solo por tel\u00e9fono en +33 468 970 313)<\/strong><\/h2>\n\n\n\n<p><\/p>\n\n\n\n<figure class=\"wp-block-table\"><table><tbody><tr><td><strong>Los ba\u00f1adores largos no son autorisados a St Thomas. <\/strong>Se necessitan ba\u00f1adores de typo \u00ab\u00a0slip\u00a0\u00bb de ba\u00f1o o \u00ab\u00a0boxer\u00a0\u00bb de ba\u00f1o (possibilidad d&rsquo;alquilar en el sitio para 2\u20ac) <br><br><strong>Tarifes a partir del 02\/01\/24<\/strong><br><br>Tarif adulte bain<\/td><td>9,00 \u20ac<\/td><\/tr><tr><td>Tarif enfant&nbsp;<em>(de 4 \u00e0 11 ans, gratuit en dessous)<\/em><\/td><td>7,50 \u20ac<\/td><\/tr><tr><td>Carte 10 entr\u00e9es bains<\/td><td>70,00 \u20ac<\/td><\/tr><tr><td>Carte annuelle bains<\/td><td>120,00 \u20ac<\/td><\/tr><\/tbody><\/table><\/figure>\n\n\n\n<p>Pour l&rsquo;espace hammam et bains .<\/p>\n\n\n\n<figure class=\"wp-block-table\"><table><tbody><tr><td>Tarif adulte&nbsp;<em>(\u00e0 partir de 12 ans)<\/em><\/td><td>18,00 \u20ac<\/td><\/tr><tr><td>Carte 10 entr\u00e9es bains + hammam<\/td><td>145,00 \u20ac<\/td><\/tr><tr><td>Carte annuelle hammam<\/td><td>195,00 \u20ac<\/td><\/tr><\/tbody><\/table><\/figure>\n\n\n\n<figure class=\"wp-block-image size-full\"><a href=\"https:\/\/bains-saint-thomas.fr\/cat\/wp-content\/uploads\/sites\/3\/StThomas_CAT_BATv1-3-1.pdf\"><img decoding=\"async\" src=\"https:\/\/bains-saint-thomas.fr\/cat\/wp-content\/uploads\/sites\/3\/StThomas_CAT_BATv1-3-1.pdf\" alt=\"\" class=\"wp-image-99\"\/><\/a><\/figure>\n\n\n\n<figure class=\"wp-block-image size-full\"><a href=\"https:\/\/bains-saint-thomas.fr\/cat\/wp-content\/uploads\/sites\/3\/Flyer-Catalan-2024-bains.png\"><img loading=\"lazy\" decoding=\"async\" width=\"1024\" height=\"723\" src=\"https:\/\/bains-saint-thomas.fr\/cat\/wp-content\/uploads\/sites\/3\/Flyer-Catalan-2024-bains.png\" alt=\"\" class=\"wp-image-134\" srcset=\"https:\/\/bains-saint-thomas.fr\/cat\/wp-content\/uploads\/sites\/3\/Flyer-Catalan-2024-bains.png 1024w, https:\/\/bains-saint-thomas.fr\/cat\/wp-content\/uploads\/sites\/3\/Flyer-Catalan-2024-bains-300x212.png 300w, https:\/\/bains-saint-thomas.fr\/cat\/wp-content\/uploads\/sites\/3\/Flyer-Catalan-2024-bains-768x542.png 768w\" sizes=\"auto, (max-width: 1024px) 100vw, 1024px\" \/><\/a><\/figure>\n","protected":false},"excerpt":{"rendered":"<p>veure el mapa gran Per qu\u00e8? Els banys de Sant Tom\u00e0s es troben a 73 km de Perpiny\u00e0 i a 20 km de Font- romeu, departament dels Pirineus Orientals. Per arribar-hi a partir de Perpiny\u00e0, agafeu la carretera nacional 116 &hellip; <a href=\"https:\/\/bains-saint-thomas.fr\/cat\/\">Lire la suite\u00ad\u00ad<\/a><\/p>\n","protected":false},"author":1,"featured_media":92,"parent":0,"menu_order":0,"comment_status":"closed","ping_status":"closed","template":"","meta":{"footnotes":""},"class_list":["post-24","page","type-page","status-publish","has-post-thumbnail","hentry"],"yoast_head":"<!-- This site is optimized with the Yoast SEO plugin v27.5 - https:\/\/yoast.com\/product\/yoast-seo-wordpress\/ -->\n<title>Acc\u00e8s &amp; Informaci\u00f3 - Banys de Sant Tom\u00e0s<\/title>\n<meta name=\"robots\" content=\"index, follow, max-snippet:-1, max-image-preview:large, max-video-preview:-1\" \/>\n<link rel=\"canonical\" href=\"https:\/\/bains-saint-thomas.fr\/cat\/\" \/>\n<meta property=\"og:locale\" content=\"fr_FR\" \/>\n<meta property=\"og:type\" content=\"article\" \/>\n<meta property=\"og:title\" content=\"Acc\u00e8s &amp; Informaci\u00f3 - Banys de Sant Tom\u00e0s\" \/>\n<meta property=\"og:description\" content=\"veure el mapa gran Per qu\u00e8? Els banys de Sant Tom\u00e0s es troben a 73 km de Perpiny\u00e0 i a 20 km de Font- romeu, departament dels Pirineus Orientals. Per arribar-hi a partir de Perpiny\u00e0, agafeu la carretera nacional 116 &hellip; Lire la suite\u00ad\u00ad\" \/>\n<meta property=\"og:url\" content=\"https:\/\/bains-saint-thomas.fr\/cat\/\" \/>\n<meta property=\"og:site_name\" content=\"Banys de Sant Tom\u00e0s\" \/>\n<meta property=\"article:modified_time\" content=\"2025-03-19T14:18:38+00:00\" \/>\n<meta property=\"og:image\" content=\"https:\/\/bains-saint-thomas.fr\/cat\/wp-content\/uploads\/sites\/3\/Scan-plaquette-catalan-2022-verso.png\" \/>\n\t<meta property=\"og:image:width\" content=\"841\" \/>\n\t<meta property=\"og:image:height\" content=\"595\" \/>\n\t<meta property=\"og:image:type\" content=\"image\/png\" \/>\n<meta name=\"twitter:card\" content=\"summary_large_image\" \/>\n<meta name=\"twitter:label1\" content=\"Dur\u00e9e de lecture estim\u00e9e\" \/>\n\t<meta name=\"twitter:data1\" content=\"2 minutes\" \/>\n<script type=\"application\/ld+json\" class=\"yoast-schema-graph\">{\"@context\":\"https:\\\/\\\/schema.org\",\"@graph\":[{\"@type\":\"WebPage\",\"@id\":\"https:\\\/\\\/bains-saint-thomas.fr\\\/cat\\\/\",\"url\":\"https:\\\/\\\/bains-saint-thomas.fr\\\/cat\\\/\",\"name\":\"Acc\u00e8s & Informaci\u00f3 - Banys de Sant Tom\u00e0s\",\"isPartOf\":{\"@id\":\"https:\\\/\\\/bains-saint-thomas.fr\\\/cat\\\/#website\"},\"primaryImageOfPage\":{\"@id\":\"https:\\\/\\\/bains-saint-thomas.fr\\\/cat\\\/#primaryimage\"},\"image\":{\"@id\":\"https:\\\/\\\/bains-saint-thomas.fr\\\/cat\\\/#primaryimage\"},\"thumbnailUrl\":\"https:\\\/\\\/bains-saint-thomas.fr\\\/cat\\\/wp-content\\\/uploads\\\/sites\\\/3\\\/Scan-plaquette-catalan-2022-verso.png\",\"datePublished\":\"2014-01-08T14:24:23+00:00\",\"dateModified\":\"2025-03-19T14:18:38+00:00\",\"breadcrumb\":{\"@id\":\"https:\\\/\\\/bains-saint-thomas.fr\\\/cat\\\/#breadcrumb\"},\"inLanguage\":\"fr-FR\",\"potentialAction\":[{\"@type\":\"ReadAction\",\"target\":[\"https:\\\/\\\/bains-saint-thomas.fr\\\/cat\\\/\"]}]},{\"@type\":\"ImageObject\",\"inLanguage\":\"fr-FR\",\"@id\":\"https:\\\/\\\/bains-saint-thomas.fr\\\/cat\\\/#primaryimage\",\"url\":\"https:\\\/\\\/bains-saint-thomas.fr\\\/cat\\\/wp-content\\\/uploads\\\/sites\\\/3\\\/Scan-plaquette-catalan-2022-verso.png\",\"contentUrl\":\"https:\\\/\\\/bains-saint-thomas.fr\\\/cat\\\/wp-content\\\/uploads\\\/sites\\\/3\\\/Scan-plaquette-catalan-2022-verso.png\",\"width\":841,\"height\":595},{\"@type\":\"BreadcrumbList\",\"@id\":\"https:\\\/\\\/bains-saint-thomas.fr\\\/cat\\\/#breadcrumb\",\"itemListElement\":[{\"@type\":\"ListItem\",\"position\":1,\"name\":\"Accueil\",\"item\":\"https:\\\/\\\/bains-saint-thomas.fr\\\/cat\\\/\"},{\"@type\":\"ListItem\",\"position\":2,\"name\":\"Acc\u00e8s &#038; Informaci\u00f3\"}]},{\"@type\":\"WebSite\",\"@id\":\"https:\\\/\\\/bains-saint-thomas.fr\\\/cat\\\/#website\",\"url\":\"https:\\\/\\\/bains-saint-thomas.fr\\\/cat\\\/\",\"name\":\"Banys de Sant Tom\u00e0s\",\"description\":\"\",\"potentialAction\":[{\"@type\":\"SearchAction\",\"target\":{\"@type\":\"EntryPoint\",\"urlTemplate\":\"https:\\\/\\\/bains-saint-thomas.fr\\\/cat\\\/?s={search_term_string}\"},\"query-input\":{\"@type\":\"PropertyValueSpecification\",\"valueRequired\":true,\"valueName\":\"search_term_string\"}}],\"inLanguage\":\"fr-FR\"}]}<\/script>\n<!-- \/ Yoast SEO plugin. -->","yoast_head_json":{"title":"Acc\u00e8s & Informaci\u00f3 - Banys de Sant Tom\u00e0s","robots":{"index":"index","follow":"follow","max-snippet":"max-snippet:-1","max-image-preview":"max-image-preview:large","max-video-preview":"max-video-preview:-1"},"canonical":"https:\/\/bains-saint-thomas.fr\/cat\/","og_locale":"fr_FR","og_type":"article","og_title":"Acc\u00e8s & Informaci\u00f3 - Banys de Sant Tom\u00e0s","og_description":"veure el mapa gran Per qu\u00e8? Els banys de Sant Tom\u00e0s es troben a 73 km de Perpiny\u00e0 i a 20 km de Font- romeu, departament dels Pirineus Orientals. Per arribar-hi a partir de Perpiny\u00e0, agafeu la carretera nacional 116 &hellip; Lire la suite\u00ad\u00ad","og_url":"https:\/\/bains-saint-thomas.fr\/cat\/","og_site_name":"Banys de Sant Tom\u00e0s","article_modified_time":"2025-03-19T14:18:38+00:00","og_image":[{"width":841,"height":595,"url":"https:\/\/bains-saint-thomas.fr\/cat\/wp-content\/uploads\/sites\/3\/Scan-plaquette-catalan-2022-verso.png","type":"image\/png"}],"twitter_card":"summary_large_image","twitter_misc":{"Dur\u00e9e de lecture estim\u00e9e":"2 minutes"},"schema":{"@context":"https:\/\/schema.org","@graph":[{"@type":"WebPage","@id":"https:\/\/bains-saint-thomas.fr\/cat\/","url":"https:\/\/bains-saint-thomas.fr\/cat\/","name":"Acc\u00e8s & Informaci\u00f3 - Banys de Sant Tom\u00e0s","isPartOf":{"@id":"https:\/\/bains-saint-thomas.fr\/cat\/#website"},"primaryImageOfPage":{"@id":"https:\/\/bains-saint-thomas.fr\/cat\/#primaryimage"},"image":{"@id":"https:\/\/bains-saint-thomas.fr\/cat\/#primaryimage"},"thumbnailUrl":"https:\/\/bains-saint-thomas.fr\/cat\/wp-content\/uploads\/sites\/3\/Scan-plaquette-catalan-2022-verso.png","datePublished":"2014-01-08T14:24:23+00:00","dateModified":"2025-03-19T14:18:38+00:00","breadcrumb":{"@id":"https:\/\/bains-saint-thomas.fr\/cat\/#breadcrumb"},"inLanguage":"fr-FR","potentialAction":[{"@type":"ReadAction","target":["https:\/\/bains-saint-thomas.fr\/cat\/"]}]},{"@type":"ImageObject","inLanguage":"fr-FR","@id":"https:\/\/bains-saint-thomas.fr\/cat\/#primaryimage","url":"https:\/\/bains-saint-thomas.fr\/cat\/wp-content\/uploads\/sites\/3\/Scan-plaquette-catalan-2022-verso.png","contentUrl":"https:\/\/bains-saint-thomas.fr\/cat\/wp-content\/uploads\/sites\/3\/Scan-plaquette-catalan-2022-verso.png","width":841,"height":595},{"@type":"BreadcrumbList","@id":"https:\/\/bains-saint-thomas.fr\/cat\/#breadcrumb","itemListElement":[{"@type":"ListItem","position":1,"name":"Accueil","item":"https:\/\/bains-saint-thomas.fr\/cat\/"},{"@type":"ListItem","position":2,"name":"Acc\u00e8s &#038; Informaci\u00f3"}]},{"@type":"WebSite","@id":"https:\/\/bains-saint-thomas.fr\/cat\/#website","url":"https:\/\/bains-saint-thomas.fr\/cat\/","name":"Banys de Sant Tom\u00e0s","description":"","potentialAction":[{"@type":"SearchAction","target":{"@type":"EntryPoint","urlTemplate":"https:\/\/bains-saint-thomas.fr\/cat\/?s={search_term_string}"},"query-input":{"@type":"PropertyValueSpecification","valueRequired":true,"valueName":"search_term_string"}}],"inLanguage":"fr-FR"}]}},"jetpack_shortlink":"https:\/\/wp.me\/P8ZYZV-o","jetpack_sharing_enabled":true,"_links":{"self":[{"href":"https:\/\/bains-saint-thomas.fr\/cat\/wp-json\/wp\/v2\/pages\/24","targetHints":{"allow":["GET"]}}],"collection":[{"href":"https:\/\/bains-saint-thomas.fr\/cat\/wp-json\/wp\/v2\/pages"}],"about":[{"href":"https:\/\/bains-saint-thomas.fr\/cat\/wp-json\/wp\/v2\/types\/page"}],"author":[{"embeddable":true,"href":"https:\/\/bains-saint-thomas.fr\/cat\/wp-json\/wp\/v2\/users\/1"}],"replies":[{"embeddable":true,"href":"https:\/\/bains-saint-thomas.fr\/cat\/wp-json\/wp\/v2\/comments?post=24"}],"version-history":[{"count":14,"href":"https:\/\/bains-saint-thomas.fr\/cat\/wp-json\/wp\/v2\/pages\/24\/revisions"}],"predecessor-version":[{"id":137,"href":"https:\/\/bains-saint-thomas.fr\/cat\/wp-json\/wp\/v2\/pages\/24\/revisions\/137"}],"wp:featuredmedia":[{"embeddable":true,"href":"https:\/\/bains-saint-thomas.fr\/cat\/wp-json\/wp\/v2\/media\/92"}],"wp:attachment":[{"href":"https:\/\/bains-saint-thomas.fr\/cat\/wp-json\/wp\/v2\/media?parent=24"}],"curies":[{"name":"wp","href":"https:\/\/api.w.org\/{rel}","templated":true}]}}