{"id":14,"date":"2014-01-08T15:02:23","date_gmt":"2014-01-08T14:02:23","guid":{"rendered":"https:\/\/bains-saint-thomas.fr\/cat\/?page_id=14"},"modified":"2023-12-17T12:33:31","modified_gmt":"2023-12-17T11:33:31","slug":"tractaments-i-massatges","status":"publish","type":"page","link":"https:\/\/bains-saint-thomas.fr\/cat\/tractaments-i-massatges\/","title":{"rendered":"Tractaments i massatges"},"content":{"rendered":"<p>&#8211; La f\u00f3rmula simple que d\u00f3na acc\u00e9s a les 3 piscines exteriors una de les quals amb jacuzzi i raigs demassatge. Dues rampes de dutxa amb aigua termal pura.<br \/>\n&#8211; La f\u00f3rmula completa que d\u00f3na acc\u00e9s, a m\u00e9s de les 3 piscines exteriors, a l\u2019espai interior amb un gran spa o jacuzzi amb brolladors d&rsquo;aigua, una grande\u00a0 sale d\u2019hammam perfumades amb olis essencials,\u00a0 una sauna, un hammam natural (vaporarium de vapors de sofre) un espai de relaxaci\u00f3\u00a0 i el sal\u00f3 de te on us serviran una beguda calenta.<br \/>\n&#8211; Les f\u00f3rmules de tractaments de bellesa i de modelatge (massatges) : a partir de 30,00 euros (+17\u20ac de la formula compl\u00e8ta) per la 1re f\u00f3rmula que compr\u00e8n 20 mn de massatge i l\u2019acc\u00e9s il\u00b7limitat als banys exteriors i a l\u2019espai hammam. Existeixen altres f\u00f3rmules de modelatge . \u00c9s aconsellable reservar els tractaments de bellesa amb antelaci\u00f3.<\/p>\n<p>Reserves: 04 68 97 03 13<br \/>\nEls pagaments es fan per xec o en efectiu o\u00a0 targetes de cr\u00e8dit.<\/p>\n<h4>Sarah Caranchini, Sylvie Laurenson, Mathilde Montaville, Sabrina Torqu\u00e9mada, Kirsten, Sylvie Blachon : visiteu la p\u00e0gina web en frances amb todas las informations i descarregar el pdf<strong>\u00a0<\/strong><\/h4>\n<h2><\/h2>\n","protected":false},"excerpt":{"rendered":"<p>&#8211; La f\u00f3rmula simple que d\u00f3na acc\u00e9s a les 3 piscines exteriors una de les quals amb jacuzzi i raigs demassatge. Dues rampes de dutxa amb aigua termal pura. &#8211; La f\u00f3rmula completa que d\u00f3na acc\u00e9s, a m\u00e9s de les &hellip; <a href=\"https:\/\/bains-saint-thomas.fr\/cat\/tractaments-i-massatges\/\">Lire la suite\u00ad\u00ad<\/a><\/p>\n","protected":false},"author":1,"featured_media":0,"parent":0,"menu_order":0,"comment_status":"closed","ping_status":"closed","template":"page-fullwidth.php","meta":{"footnotes":""},"class_list":["post-14","page","type-page","status-publish","hentry"],"yoast_head":"<!-- This site is optimized with the Yoast SEO plugin v27.5 - https:\/\/yoast.com\/product\/yoast-seo-wordpress\/ -->\n<title>Tractaments i massatges - Banys de Sant Tom\u00e0s<\/title>\n<meta name=\"robots\" content=\"index, follow, max-snippet:-1, max-image-preview:large, max-video-preview:-1\" \/>\n<link rel=\"canonical\" href=\"https:\/\/bains-saint-thomas.fr\/cat\/tractaments-i-massatges\/\" \/>\n<meta property=\"og:locale\" content=\"fr_FR\" \/>\n<meta property=\"og:type\" content=\"article\" \/>\n<meta property=\"og:title\" content=\"Tractaments i massatges - Banys de Sant Tom\u00e0s\" \/>\n<meta property=\"og:description\" content=\"&#8211; La f\u00f3rmula simple que d\u00f3na acc\u00e9s a les 3 piscines exteriors una de les quals amb jacuzzi i raigs demassatge. Dues rampes de dutxa amb aigua termal pura. &#8211; La f\u00f3rmula completa que d\u00f3na acc\u00e9s, a m\u00e9s de les &hellip; Lire la suite\u00ad\u00ad\" \/>\n<meta property=\"og:url\" content=\"https:\/\/bains-saint-thomas.fr\/cat\/tractaments-i-massatges\/\" \/>\n<meta property=\"og:site_name\" content=\"Banys de Sant Tom\u00e0s\" \/>\n<meta property=\"article:modified_time\" content=\"2023-12-17T11:33:31+00:00\" \/>\n<meta name=\"twitter:card\" content=\"summary_large_image\" \/>\n<meta name=\"twitter:label1\" content=\"Dur\u00e9e de lecture estim\u00e9e\" \/>\n\t<meta name=\"twitter:data1\" content=\"1 minute\" \/>\n<script type=\"application\/ld+json\" class=\"yoast-schema-graph\">{\"@context\":\"https:\\\/\\\/schema.org\",\"@graph\":[{\"@type\":\"WebPage\",\"@id\":\"https:\\\/\\\/bains-saint-thomas.fr\\\/cat\\\/tractaments-i-massatges\\\/\",\"url\":\"https:\\\/\\\/bains-saint-thomas.fr\\\/cat\\\/tractaments-i-massatges\\\/\",\"name\":\"Tractaments i massatges - Banys de Sant Tom\u00e0s\",\"isPartOf\":{\"@id\":\"https:\\\/\\\/bains-saint-thomas.fr\\\/cat\\\/#website\"},\"datePublished\":\"2014-01-08T14:02:23+00:00\",\"dateModified\":\"2023-12-17T11:33:31+00:00\",\"breadcrumb\":{\"@id\":\"https:\\\/\\\/bains-saint-thomas.fr\\\/cat\\\/tractaments-i-massatges\\\/#breadcrumb\"},\"inLanguage\":\"fr-FR\",\"potentialAction\":[{\"@type\":\"ReadAction\",\"target\":[\"https:\\\/\\\/bains-saint-thomas.fr\\\/cat\\\/tractaments-i-massatges\\\/\"]}]},{\"@type\":\"BreadcrumbList\",\"@id\":\"https:\\\/\\\/bains-saint-thomas.fr\\\/cat\\\/tractaments-i-massatges\\\/#breadcrumb\",\"itemListElement\":[{\"@type\":\"ListItem\",\"position\":1,\"name\":\"Accueil\",\"item\":\"https:\\\/\\\/bains-saint-thomas.fr\\\/cat\\\/\"},{\"@type\":\"ListItem\",\"position\":2,\"name\":\"Tractaments i massatges\"}]},{\"@type\":\"WebSite\",\"@id\":\"https:\\\/\\\/bains-saint-thomas.fr\\\/cat\\\/#website\",\"url\":\"https:\\\/\\\/bains-saint-thomas.fr\\\/cat\\\/\",\"name\":\"Banys de Sant Tom\u00e0s\",\"description\":\"\",\"potentialAction\":[{\"@type\":\"SearchAction\",\"target\":{\"@type\":\"EntryPoint\",\"urlTemplate\":\"https:\\\/\\\/bains-saint-thomas.fr\\\/cat\\\/?s={search_term_string}\"},\"query-input\":{\"@type\":\"PropertyValueSpecification\",\"valueRequired\":true,\"valueName\":\"search_term_string\"}}],\"inLanguage\":\"fr-FR\"}]}<\/script>\n<!-- \/ Yoast SEO plugin. -->","yoast_head_json":{"title":"Tractaments i massatges - Banys de Sant Tom\u00e0s","robots":{"index":"index","follow":"follow","max-snippet":"max-snippet:-1","max-image-preview":"max-image-preview:large","max-video-preview":"max-video-preview:-1"},"canonical":"https:\/\/bains-saint-thomas.fr\/cat\/tractaments-i-massatges\/","og_locale":"fr_FR","og_type":"article","og_title":"Tractaments i massatges - Banys de Sant Tom\u00e0s","og_description":"&#8211; La f\u00f3rmula simple que d\u00f3na acc\u00e9s a les 3 piscines exteriors una de les quals amb jacuzzi i raigs demassatge. Dues rampes de dutxa amb aigua termal pura. &#8211; La f\u00f3rmula completa que d\u00f3na acc\u00e9s, a m\u00e9s de les &hellip; Lire la suite\u00ad\u00ad","og_url":"https:\/\/bains-saint-thomas.fr\/cat\/tractaments-i-massatges\/","og_site_name":"Banys de Sant Tom\u00e0s","article_modified_time":"2023-12-17T11:33:31+00:00","twitter_card":"summary_large_image","twitter_misc":{"Dur\u00e9e de lecture estim\u00e9e":"1 minute"},"schema":{"@context":"https:\/\/schema.org","@graph":[{"@type":"WebPage","@id":"https:\/\/bains-saint-thomas.fr\/cat\/tractaments-i-massatges\/","url":"https:\/\/bains-saint-thomas.fr\/cat\/tractaments-i-massatges\/","name":"Tractaments i massatges - Banys de Sant Tom\u00e0s","isPartOf":{"@id":"https:\/\/bains-saint-thomas.fr\/cat\/#website"},"datePublished":"2014-01-08T14:02:23+00:00","dateModified":"2023-12-17T11:33:31+00:00","breadcrumb":{"@id":"https:\/\/bains-saint-thomas.fr\/cat\/tractaments-i-massatges\/#breadcrumb"},"inLanguage":"fr-FR","potentialAction":[{"@type":"ReadAction","target":["https:\/\/bains-saint-thomas.fr\/cat\/tractaments-i-massatges\/"]}]},{"@type":"BreadcrumbList","@id":"https:\/\/bains-saint-thomas.fr\/cat\/tractaments-i-massatges\/#breadcrumb","itemListElement":[{"@type":"ListItem","position":1,"name":"Accueil","item":"https:\/\/bains-saint-thomas.fr\/cat\/"},{"@type":"ListItem","position":2,"name":"Tractaments i massatges"}]},{"@type":"WebSite","@id":"https:\/\/bains-saint-thomas.fr\/cat\/#website","url":"https:\/\/bains-saint-thomas.fr\/cat\/","name":"Banys de Sant Tom\u00e0s","description":"","potentialAction":[{"@type":"SearchAction","target":{"@type":"EntryPoint","urlTemplate":"https:\/\/bains-saint-thomas.fr\/cat\/?s={search_term_string}"},"query-input":{"@type":"PropertyValueSpecification","valueRequired":true,"valueName":"search_term_string"}}],"inLanguage":"fr-FR"}]}},"jetpack_shortlink":"https:\/\/wp.me\/P8ZYZV-e","jetpack_sharing_enabled":true,"_links":{"self":[{"href":"https:\/\/bains-saint-thomas.fr\/cat\/wp-json\/wp\/v2\/pages\/14","targetHints":{"allow":["GET"]}}],"collection":[{"href":"https:\/\/bains-saint-thomas.fr\/cat\/wp-json\/wp\/v2\/pages"}],"about":[{"href":"https:\/\/bains-saint-thomas.fr\/cat\/wp-json\/wp\/v2\/types\/page"}],"author":[{"embeddable":true,"href":"https:\/\/bains-saint-thomas.fr\/cat\/wp-json\/wp\/v2\/users\/1"}],"replies":[{"embeddable":true,"href":"https:\/\/bains-saint-thomas.fr\/cat\/wp-json\/wp\/v2\/comments?post=14"}],"version-history":[{"count":7,"href":"https:\/\/bains-saint-thomas.fr\/cat\/wp-json\/wp\/v2\/pages\/14\/revisions"}],"predecessor-version":[{"id":129,"href":"https:\/\/bains-saint-thomas.fr\/cat\/wp-json\/wp\/v2\/pages\/14\/revisions\/129"}],"wp:attachment":[{"href":"https:\/\/bains-saint-thomas.fr\/cat\/wp-json\/wp\/v2\/media?parent=14"}],"curies":[{"name":"wp","href":"https:\/\/api.w.org\/{rel}","templated":true}]}}